{"id":512,"date":"2024-08-07T20:40:27","date_gmt":"2024-08-07T20:40:27","guid":{"rendered":"https:\/\/mbdigital.ca\/accueil\/"},"modified":"2024-08-23T23:37:56","modified_gmt":"2024-08-23T23:37:56","slug":"accueil","status":"publish","type":"page","link":"https:\/\/mbdigital.ca\/fr\/","title":{"rendered":"Accueil"},"content":{"rendered":"\n\n\t<h1>\n\t\t\t\tAm\u00e9liorez vos performances sur Internet&#8230;\n\t\t\t<\/h1>\n\t\t\t<a href=\"https:\/\/mbdigital.ca\/fr\/contact\/\" title=\"Click Here\" target=\"_self\" role=\"button\" aria-label=\"Commencez maintenant\" rel=\"noopener\">\n\t\t\t\t\t\t\tCommencez maintenant\n\t\t<\/a>\n\t\t\t<a href=\"https:\/\/mbdigital.ca\/fr\/a-propos\/\" title=\"Click Here\" target=\"_self\" role=\"button\" aria-label=\"Read More\" rel=\"noopener\">\n\t\t\t\t\t\t\tRead More\n\t\t<\/a>\n\t<h3>\n\t\t\t\tFonctionnalit\u00e9 :\n\t\t\t<\/h3>\n\t\t\t\t<img decoding=\"async\" src=\"https:\/\/mbdigital.ca\/wp-content\/uploads\/2024\/08\/pngegg.png\" alt=\"pngegg\" title=\"pngegg\" itemprop=\"image\"\/>\n\t\t\t\t<img decoding=\"async\" src=\"https:\/\/mbdigital.ca\/wp-content\/uploads\/2024\/08\/pngegg-1-150x150.png\" alt=\"pngegg (1)\" title=\"pngegg (1)\" itemprop=\"image\"\/>\n\t\t\t\t<img decoding=\"async\" src=\"https:\/\/mbdigital.ca\/wp-content\/uploads\/2024\/08\/moodle-150x150.png\" alt=\"moodle\" title=\"moodle\" itemprop=\"image\"\/>\n\t\t\t\t<img decoding=\"async\" src=\"https:\/\/mbdigital.ca\/wp-content\/uploads\/2024\/08\/linux.png\" alt=\"linux\" title=\"linux\" itemprop=\"image\"\/>\n\t\t\t\t<img decoding=\"async\" src=\"https:\/\/mbdigital.ca\/wp-content\/uploads\/2024\/08\/cloudlinux.png\" alt=\"cloudlinux\" title=\"cloudlinux\" itemprop=\"image\"\/>\n\t<h2>\n\t\t\t\tCe que je fais\n\t\t\t<\/h2>\n\t\t\t<p>J&rsquo;aide les entreprises et les travailleurs ind\u00e9pendants \u00e0 g\u00e9rer leurs activit\u00e9s en ligne<\/p>\t\n\t\t\t<h2>I Coach.<\/h2>\t\t\t\n\t\t\t\t<p>J&rsquo;offre des conseils et un soutien technique \u00e0 mes clients, qu&rsquo;ils cherchent \u00e0 s&rsquo;aventurer dans le monde num\u00e9rique ou \u00e0 am\u00e9liorer leur pr\u00e9sence en ligne, afin qu&rsquo;ils puissent tirer parti des meilleures pratiques et obtenir de meilleurs r\u00e9sultats.<\/p>\n\t\t\t<a href=\"https:\/\/mbdigital.ca\/fr\/contact\/\" title=\"Click Here\" target=\"_self\" role=\"button\" aria-label=\"Contactez-moi\" rel=\"noopener\">\n\t\t\t\t\t\t\tContactez-moi\n\t\t<\/a>\n\t\t\t<h2>Je vous propose.<\/h2>\t\t\t\n\t\t\t\t<p>Avec plus de 25 ans d&rsquo;exp\u00e9rience, je me sp\u00e9cialise dans les services d&rsquo;infrastructure tels que l&rsquo;h\u00e9bergement d\u00e9di\u00e9 et partag\u00e9, l&rsquo;int\u00e9gration de logiciels libres, le marketing et la formation.<\/p>\n\t\t\t<a href=\"https:\/\/mbdigital.ca\/fr\/a-propos\/\" title=\"Click Here\" target=\"_self\" role=\"button\" aria-label=\"En savoir plus\" rel=\"noopener\">\n\t\t\t\t\t\t\tEn savoir plus\n\t\t<\/a>\n\t\t\t<h2>J&rsquo;int\u00e8gre<\/h2>\t\t\t\n\t\t\t\t<p>Avec les meilleurs outils et des co\u00fbts de mise en \u0153uvre abordables, j&rsquo;offre une excellente opportunit\u00e9 aux petites entreprises d&rsquo;int\u00e9grer le march\u00e9 num\u00e9rique.<\/p>\n\t\t\t<a href=\"tel:14502620750\" title=\"Click Here\" target=\"_self\" role=\"button\" aria-label=\"Appelez-moi\" rel=\"noopener\">\n\t\t\t\t\t\t\tAppelez-moi\n\t\t<\/a>\n\t\t\t<h2>Besoin de conseils ?<\/h2>\t\t\t\n\t\t\t\t<p>Vous souhaitez am\u00e9liorer votre activit\u00e9 sur Internet ? Appelez-moi, je vous mettrai en contact avec notre \u00e9quipe de vente. Ils vous fourniront toutes les informations n\u00e9cessaires et vous aideront \u00e0 trouver la solution qui vous convient.<\/p>\n\t\t\t<a href=\"tel:+1 450 262 0750\" title=\"Click Here\" target=\"_self\" role=\"button\" aria-label=\"Call Me\" rel=\"noopener\">\n\t\t\t\t\t\t\tCall Me\n\t\t<\/a>\n\t\t\t\t<img decoding=\"async\" src=\"https:\/\/websitedemos.net\/coach-03\/wp-content\/uploads\/sites\/182\/2018\/02\/icon-03-free-img.png\" alt=\"Icon image\" title=\"icon-03-free-img\" itemprop=\"image\"\/>\n\t\t\t<h4>Le meilleur de sa cat\u00e9gorie<\/h4>\t\t\t\n\t\t\t\t<p>Avec les meilleurs outils et des co\u00fbts de mise en \u0153uvre abordables, j&rsquo;offre une excellente opportunit\u00e9 aux petites entreprises d&rsquo;int\u00e9grer le march\u00e9 num\u00e9rique.<\/p>\n\t\t\t<h2>T\u00e9moignages<\/h2><h4>\u00ab\u00a0MBDigital a \u00e9t\u00e9 un partenaire inestimable dans notre voyage num\u00e9rique. Leurs solutions d&rsquo;h\u00e9bergement sur mesure offrent la fiabilit\u00e9 dont nous avons besoin, et leur strat\u00e9gie marketing compl\u00e8te a consid\u00e9rablement augment\u00e9 notre visibilit\u00e9 en ligne. De plus, leur int\u00e9gration transparente de Nextcloud a am\u00e9lior\u00e9 la collaboration de notre \u00e9quipe comme jamais auparavant. Ils se surpassent vraiment !\u00a0\u00bb<\/h4>\t\t\t\n\t\t\t\t<p>Jordan Ram\u00edrez<\/p>\n\t\t\t<h3>\u00c0 propos<\/h3>\t\t\t\n\t\t\t\t<p>En tant que consultant, mon travail consiste \u00e0 int\u00e9grer votre entreprise et \u00e0 am\u00e9liorer ses performances sur internet. J&rsquo;aide les entreprises et les travailleurs ind\u00e9pendants \u00e0 g\u00e9rer leurs activit\u00e9s en ligne en leur fournissant une infrastructure, un d\u00e9veloppement et un soutien personnalis\u00e9s en fonction de leurs besoins et objectifs.<\/p>\n<p>Je propose des solutions en infrastructure, outils et d\u00e9veloppement adapt\u00e9es \u00e0 chaque projet, et je peux m\u00eame int\u00e9grer des plateformes externes si n\u00e9cessaire. Avec plus de 25 ans d&rsquo;exp\u00e9rience, je suis sp\u00e9cialis\u00e9 dans les services d&rsquo;infrastructure, tels que l&rsquo;h\u00e9bergement d\u00e9di\u00e9 et partag\u00e9, l&rsquo;int\u00e9gration de logiciels libres, le marketing et la formation.<\/p>\n\t\t\t<a href=\"https:\/\/mbdigital.ca\/fr\/a-propos\/\" title=\"Click Here\" target=\"_self\" role=\"button\" aria-label=\"En savoir plus\" rel=\"noopener\">\n\t\t\t\t\t\t\tEn savoir plus\n\t\t<\/a>\n\t\t<h2>Laissez-moi vous aider \u00e0 d\u00e9passer vos objectifs de la bonne mani\u00e8re.<\/h2>\n\t\t\t<a href=\"https:\/\/mbdigital.ca\/fr\/contact\/\" title=\"Click Here\" target=\"_self\" role=\"button\" aria-label=\"Commencez maintenant\" rel=\"noopener\">\n\t\t\t\t\t\t\tCommencez maintenant\n\t\t<\/a>\n\n","protected":false},"excerpt":{"rendered":"<p>Am\u00e9liorez vos performances sur Internet&#8230; Commencez maintenant Read More Fonctionnalit\u00e9 : Ce que je fais J&rsquo;aide les entreprises et les travailleurs ind\u00e9pendants \u00e0 g\u00e9rer leurs activit\u00e9s en ligne I Coach. J&rsquo;offre des conseils et un soutien technique \u00e0 mes clients, qu&rsquo;ils cherchent \u00e0 s&rsquo;aventurer dans le monde num\u00e9rique ou \u00e0 am\u00e9liorer leur pr\u00e9sence en ligne, [&hellip;]<\/p>\n","protected":false},"author":1,"featured_media":0,"parent":0,"menu_order":0,"comment_status":"closed","ping_status":"closed","template":"","meta":{"site-sidebar-layout":"no-sidebar","site-content-layout":"page-builder","ast-site-content-layout":"default","site-content-style":"default","site-sidebar-style":"default","ast-global-header-display":"","ast-banner-title-visibility":"","ast-main-header-display":"","ast-hfb-above-header-display":"","ast-hfb-below-header-display":"","ast-hfb-mobile-header-display":"","site-post-title":"disabled","ast-breadcrumbs-content":"","ast-featured-img":"disabled","footer-sml-layout":"","ast-disable-related-posts":"","theme-transparent-header-meta":"","adv-header-id-meta":"","stick-header-meta":"","header-above-stick-meta":"","header-main-stick-meta":"","header-below-stick-meta":"","astra-migrate-meta-layouts":"default","ast-page-background-enabled":"default","ast-page-background-meta":{"desktop":{"background-color":"","background-image":"","background-repeat":"repeat","background-position":"center center","background-size":"auto","background-attachment":"scroll","background-type":"","background-media":"","overlay-type":"","overlay-color":"","overlay-opacity":"","overlay-gradient":""},"tablet":{"background-color":"","background-image":"","background-repeat":"repeat","background-position":"center center","background-size":"auto","background-attachment":"scroll","background-type":"","background-media":"","overlay-type":"","overlay-color":"","overlay-opacity":"","overlay-gradient":""},"mobile":{"background-color":"","background-image":"","background-repeat":"repeat","background-position":"center center","background-size":"auto","background-attachment":"scroll","background-type":"","background-media":"","overlay-type":"","overlay-color":"","overlay-opacity":"","overlay-gradient":""}},"ast-content-background-meta":{"desktop":{"background-color":"var(--ast-global-color-5)","background-image":"","background-repeat":"repeat","background-position":"center center","background-size":"auto","background-attachment":"scroll","background-type":"","background-media":"","overlay-type":"","overlay-color":"","overlay-opacity":"","overlay-gradient":""},"tablet":{"background-color":"var(--ast-global-color-5)","background-image":"","background-repeat":"repeat","background-position":"center center","background-size":"auto","background-attachment":"scroll","background-type":"","background-media":"","overlay-type":"","overlay-color":"","overlay-opacity":"","overlay-gradient":""},"mobile":{"background-color":"var(--ast-global-color-5)","background-image":"","background-repeat":"repeat","background-position":"center center","background-size":"auto","background-attachment":"scroll","background-type":"","background-media":"","overlay-type":"","overlay-color":"","overlay-opacity":"","overlay-gradient":""}},"footnotes":""},"class_list":["post-512","page","type-page","status-publish","hentry"],"_links":{"self":[{"href":"https:\/\/mbdigital.ca\/fr\/wp-json\/wp\/v2\/pages\/512","targetHints":{"allow":["GET"]}}],"collection":[{"href":"https:\/\/mbdigital.ca\/fr\/wp-json\/wp\/v2\/pages"}],"about":[{"href":"https:\/\/mbdigital.ca\/fr\/wp-json\/wp\/v2\/types\/page"}],"author":[{"embeddable":true,"href":"https:\/\/mbdigital.ca\/fr\/wp-json\/wp\/v2\/users\/1"}],"replies":[{"embeddable":true,"href":"https:\/\/mbdigital.ca\/fr\/wp-json\/wp\/v2\/comments?post=512"}],"version-history":[{"count":1,"href":"https:\/\/mbdigital.ca\/fr\/wp-json\/wp\/v2\/pages\/512\/revisions"}],"predecessor-version":[{"id":526,"href":"https:\/\/mbdigital.ca\/fr\/wp-json\/wp\/v2\/pages\/512\/revisions\/526"}],"wp:attachment":[{"href":"https:\/\/mbdigital.ca\/fr\/wp-json\/wp\/v2\/media?parent=512"}],"curies":[{"name":"wp","href":"https:\/\/api.w.org\/{rel}","templated":true}]}}